{"id":120,"date":"2025-04-07T21:07:24","date_gmt":"2025-04-07T19:07:24","guid":{"rendered":"https:\/\/www.kreativwerkstatt-bauer.de\/?page_id=120"},"modified":"2025-04-07T21:08:29","modified_gmt":"2025-04-07T19:08:29","slug":"datenschutz","status":"publish","type":"page","link":"https:\/\/www.kreativwerkstatt-bauer.de\/?page_id=120","title":{"rendered":"Datenschutz"},"content":{"rendered":"\n<p>Verantwortliche Stelle im Sinne der Datenschutzgesetze ist:<br><br><strong>Sonja Bauer<br><\/strong>Edelfeldweg 6<br>82239 Alling<br>Telefon: 0170 \/ 8176859<br>E-Mail: <a class=\"\">info@kreativwerkstatt-bauer.de<\/a><br><br>1. Allgemeine Hinweise<br>Der Schutz Ihrer pers\u00f6nlichen Daten ist uns ein besonderes Anliegen. Wir behandeln Ihre personenbezogenen Daten vertraulich und entsprechend der gesetzlichen Datenschutzvorschriften sowie dieser Datenschutzerkl\u00e4rung.<br><br>2. Erhebung und Verarbeitung personenbezogener Daten<br>Beim Besuch dieser Website werden automatisch Informationen (z.\u202fB. IP-Adresse, Uhrzeit des Zugriffs, verwendeter Browser) durch den Webserver erfasst. Diese Daten dienen ausschlie\u00dflich der technischen Sicherheit und Verbesserung des Angebots.<br>Dar\u00fcber hinaus verarbeiten wir personenbezogene Daten nur dann, wenn Sie uns diese freiwillig mitteilen \u2013 z.\u202fB. \u00fcber das Kontaktformular oder per E-Mail.<br><br>3. Kontaktformular<br>Wenn Sie uns per Kontaktformular Anfragen zukommen lassen, werden Ihre Angaben (z.\u202fB. Name, E-Mail-Adresse, Nachricht) zur Bearbeitung Ihrer Anfrage gespeichert. Diese Daten geben wir nicht ohne Ihre Einwilligung weiter.<br>Die Verarbeitung der in das Kontaktformular eingegebenen Daten erfolgt auf Grundlage von Art. 6 Abs. 1 lit. b DSGVO (zur Erf\u00fcllung eines Vertrags oder vorvertraglicher Ma\u00dfnahmen) sowie Art. 6 Abs. 1 lit. f DSGVO (berechtigtes Interesse an der schnellen Kommunikation).<br><br>4. Cookies<br>Unsere Website verwendet sogenannte Cookies. Dabei handelt es sich um kleine Textdateien, die auf Ihrem Endger\u00e4t gespeichert werden und Ihr Nutzererlebnis verbessern k\u00f6nnen.<br>Beim erstmaligen Besuch der Website werden Sie durch ein Cookie-Banner \u00fcber die Verwendung von Cookies informiert und k\u00f6nnen Ihre Einwilligung gezielt steuern. Sie k\u00f6nnen Cookies auch jederzeit \u00fcber die Einstellungen Ihres Browsers l\u00f6schen oder blockieren.<br><br>5. Social Media Links<br>Auf unserer Website finden Sie Verlinkungen zu Facebook und Instagram. Durch einen Klick auf die jeweiligen Symbole werden Sie direkt zur Plattform weitergeleitet \u2013 dabei gelten deren Datenschutzrichtlinien:<br><strong>Facebook<\/strong>: <a class=\"\" href=\"https:\/\/www.facebook.com\/about\/privacy\">https:\/\/www.facebook.com\/about\/privacy<\/a><br><strong>Instagram<\/strong>: <a class=\"\" href=\"https:\/\/privacycenter.instagram.com\">https:\/\/privacycenter.instagram.com<\/a><br>Beim blo\u00dfen Besuch unserer Website werden keine Daten an diese Plattformen \u00fcbermittelt.<br><br>6. Ihre Rechte<br>Sie haben jederzeit das Recht auf Auskunft, Berichtigung, Einschr\u00e4nkung, L\u00f6schung sowie Widerspruch gegen die Verarbeitung Ihrer personenbezogenen Daten. Au\u00dferdem steht Ihnen ein Beschwerderecht bei der zust\u00e4ndigen Aufsichtsbeh\u00f6rde zu.<br><br>7. Kontakt zur Datenschutzverantwortlichen<br>F\u00fcr Fragen oder Anliegen zum Datenschutz wenden Sie sich bitte an:<br><strong>Sonja Bauer<\/strong><br><a class=\"\">info@kreativwerkstatt-bauer.de<\/a><\/p>\n","protected":false},"excerpt":{"rendered":"<p>Verantwortliche Stelle im Sinne der Datenschutzgesetze ist: Sonja BauerEdelfeldweg 682239 AllingTelefon: 0170 \/ 8176859E-Mail: info@kreativwerkstatt-bauer.de 1. Allgemeine HinweiseDer Schutz Ihrer pers\u00f6nlichen Daten ist uns ein besonderes Anliegen. Wir behandeln Ihre personenbezogenen Daten vertraulich und entsprechend der gesetzlichen Datenschutzvorschriften sowie dieser Datenschutzerkl\u00e4rung. 2. Erhebung und Verarbeitung personenbezogener DatenBeim Besuch dieser Website werden automatisch Informationen (z.\u202fB. IP-Adresse, [&hellip;]<\/p>\n","protected":false},"author":2,"featured_media":0,"parent":0,"menu_order":0,"comment_status":"closed","ping_status":"closed","template":"","meta":{"saved_in_kubio":true,"footnotes":""},"class_list":["post-120","page","type-page","status-publish","hentry"],"kubio_ai_page_context":{"short_desc":"","purpose":"general"},"_links":{"self":[{"href":"https:\/\/www.kreativwerkstatt-bauer.de\/index.php?rest_route=\/wp\/v2\/pages\/120","targetHints":{"allow":["GET"]}}],"collection":[{"href":"https:\/\/www.kreativwerkstatt-bauer.de\/index.php?rest_route=\/wp\/v2\/pages"}],"about":[{"href":"https:\/\/www.kreativwerkstatt-bauer.de\/index.php?rest_route=\/wp\/v2\/types\/page"}],"author":[{"embeddable":true,"href":"https:\/\/www.kreativwerkstatt-bauer.de\/index.php?rest_route=\/wp\/v2\/users\/2"}],"replies":[{"embeddable":true,"href":"https:\/\/www.kreativwerkstatt-bauer.de\/index.php?rest_route=%2Fwp%2Fv2%2Fcomments&post=120"}],"version-history":[{"count":1,"href":"https:\/\/www.kreativwerkstatt-bauer.de\/index.php?rest_route=\/wp\/v2\/pages\/120\/revisions"}],"predecessor-version":[{"id":121,"href":"https:\/\/www.kreativwerkstatt-bauer.de\/index.php?rest_route=\/wp\/v2\/pages\/120\/revisions\/121"}],"wp:attachment":[{"href":"https:\/\/www.kreativwerkstatt-bauer.de\/index.php?rest_route=%2Fwp%2Fv2%2Fmedia&parent=120"}],"curies":[{"name":"wp","href":"https:\/\/api.w.org\/{rel}","templated":true}]}}